{"id":32,"date":"2011-09-29T11:31:46","date_gmt":"2011-09-29T09:31:46","guid":{"rendered":"http:\/\/ducalehotel.com\/it\/?page_id=32"},"modified":"2016-07-23T19:25:54","modified_gmt":"2016-07-23T17:25:54","slug":"favaro-veneto","status":"publish","type":"page","link":"https:\/\/www.ducalehotel.com\/it\/favaro-veneto\/","title":{"rendered":"FAVARO VENETO"},"content":{"rendered":"<p><strong>Favaro Veneto: un p\u00f2 di storia&#8230;<\/strong><\/p>\n<p>E&#8217; ancora incerta quale sia l&#8217;origine del nome di Favaro Veneto: per alcuni deriverebbe da &#8220;Faber&#8221; ovvero il fabbro che ferrava i cavalli presso le mansiones, le stazioni di sosta lungo le vie consolari romane; per altri farebbe riferimento alla numerosa presenza di fabbri residenti ( nella vicina Altino esistendo un collegium fabbrum, associazione che riuniva le persone che esercitavano tale professioni). Per secoli il territorio di Favaro Veneto dovette distinguersi per l&#8217;alternarsi tra terreni sopraelevati, spesso popolati da boschi, e avvallamenti paludosi, in un epoca in cui il confine tra le lagune e le terre non era ancora stato ridotto sulla linea della conterminazione, bens\u00ec costituiva una superficie estesa, mutevole e cangiante. Le opere di progressiva sistemazione idraulica, avviate dai savi della Serenissima con la diversione dei corsi d&#8217;acqua e la realizzazione del taglio del Marzenego, e proseguite fino alle grandi bonifiche otto e novecentesche, permisero di sottrarre all&#8217;acqua molta parte del territorio su cui si \u00e8 nel tempo sviluppato l&#8217;abitato di Favaro.<\/p>\n<p>Dei corsi d&#8217;acqua che attraversavano queste terre, goltao, Fossa Destina, Bazzera rimane oggi solo quest&#8217;ultima, divenuta funzionale allo svolgimento dell&#8217;attivit\u00e0 agricola. I terreni guadagnati divennero propriet\u00e0 delle famiglie del patriziato veneziano e delle istituzioni dello Stato, che fecero esercitare un&#8217;intensa attivit\u00e0 agricola, in regime di mezzadria. Tali insediamenti maturarono e esercitarono nel tempo le pratiche, le abitudini, le ritualit\u00e0 tipiche della cultura rurale, che ancora oggi permangono vive e consapevoli.<\/p>\n<p>Il nucleo centrale dell&#8217;abitato si svilupp\u00f2 all&#8217;incrocio dei principali assi viari del territorio, tra la strada comunale detta di Favaro ( oggi via san don\u00e0), la via detta spigariola (oggi via triestina) la strada dei gobbi (oggi via gobbi) la strada detta desariola (oggi via altinia); qui si insediarono anche le principali funzioni civiche della comunit\u00e0, nel momento in cui essa assunse funzioni amministrative e civili. In effetti dal 1819 al 1866 Favaro Veneto fu deputazione comunale sotto la reggenza austriaca e, dal 1866 al 1926 Comune del neonato Regno d&#8217;Italia , chiamato ad amministrare le localit\u00e0 di Campalto, Tessera, Dese e Ca&#8217; Noghera, oggi costituenti la Municipalit\u00e0 di Favaro Veneto.<\/p>\n<p>Le attivit\u00e0 dell&#8217;amministrazione pubblica , dapprima costretta ad una provvisoria precariet\u00e0, trovarono dimora nel palazzo municipale, edificato nel 1873 (e ampliato nel 1930), la cui facciata, di forma classicheggiante (evocante la tipologia della villa veneta di campagna) , cinge lo spazio della centrale Piazza Pastrello. Il palazzo non ha abdicato alle ragioni che lo edificarono, ospitando ancor oggi le attivit\u00e0 istituzionali e amministrative della Municipalit\u00e0. Poco pi\u00f9 a nord di Piazza Pastrello, lungo l&#8217;odierna via Altinia, si svilupp\u00f2 attorno alla Pieve di S. Andrea il primo insediamento residenziale stabile. L&#8217;attuale edificio sacro venne edificato nel 1874, accanto all&#8217;antica chiesa. Favaro Veneto, che conta oggi circa 12.000 abitanti, costituisce il centro della Municipalit\u00e0, che ne conserva il nome.<\/p>\n<p>&nbsp;<\/p>\n<div class=\"TA_impnearbyaccomwide\">\n<ul class=\"TA_links 5lwIKH2yQm\">\n<li class=\"V6It16qPp\"><a href=\"http:\/\/www.tripadvisor.it\/Tourism-g776968-Favaro_Veneto_Veneto-Vacations.html\">Vacanze Favaro Veneto<\/a><\/li>\n<li class=\"ulyGqLHhnpaK\"><a href=\"http:\/\/www.tripadvisor.it\/Restaurants-g776968-Favaro_Veneto_Veneto.html\">Ristoranti Favaro Veneto<\/a><\/li>\n<\/ul>\n<\/div>\n","protected":false},"excerpt":{"rendered":"<p>Favaro Veneto: un p\u00f2 di storia&#8230; E&#8217; ancora incerta quale sia l&#8217;origine del nome di Favaro Veneto: per alcuni deriverebbe da &#8220;Faber&#8221; ovvero il fabbro che ferrava i cavalli presso le mansiones, le stazioni di sosta lungo le vie consolari romane; per altri farebbe riferimento alla numerosa presenza di fabbri residenti ( nella vicina Altino [&hellip;]<\/p>\n","protected":false},"author":1,"featured_media":0,"parent":0,"menu_order":0,"comment_status":"open","ping_status":"open","template":"","meta":{"ngg_post_thumbnail":0},"_links":{"self":[{"href":"https:\/\/www.ducalehotel.com\/it\/wp-json\/wp\/v2\/pages\/32"}],"collection":[{"href":"https:\/\/www.ducalehotel.com\/it\/wp-json\/wp\/v2\/pages"}],"about":[{"href":"https:\/\/www.ducalehotel.com\/it\/wp-json\/wp\/v2\/types\/page"}],"author":[{"embeddable":true,"href":"https:\/\/www.ducalehotel.com\/it\/wp-json\/wp\/v2\/users\/1"}],"replies":[{"embeddable":true,"href":"https:\/\/www.ducalehotel.com\/it\/wp-json\/wp\/v2\/comments?post=32"}],"version-history":[{"count":10,"href":"https:\/\/www.ducalehotel.com\/it\/wp-json\/wp\/v2\/pages\/32\/revisions"}],"predecessor-version":[{"id":34,"href":"https:\/\/www.ducalehotel.com\/it\/wp-json\/wp\/v2\/pages\/32\/revisions\/34"}],"wp:attachment":[{"href":"https:\/\/www.ducalehotel.com\/it\/wp-json\/wp\/v2\/media?parent=32"}],"curies":[{"name":"wp","href":"https:\/\/api.w.org\/{rel}","templated":true}]}}