{"id":22,"date":"2011-09-29T11:18:01","date_gmt":"2011-09-29T09:18:01","guid":{"rendered":"http:\/\/ducalehotel.com\/it\/?page_id=22"},"modified":"2016-07-24T10:31:50","modified_gmt":"2016-07-24T10:31:50","slug":"location","status":"publish","type":"page","link":"https:\/\/www.ducalehotel.com\/fr\/location\/","title":{"rendered":"POSITION"},"content":{"rendered":"<p style=\"text-align: center\">Coordinate GPS: latitudine 45\u00b030\u201900\u201d N \u2013 longitudine 12\u00b017\u201922\u201d E<\/p>\n<table border=\"0\" cellpadding=\"5\">\n<tbody>\n<tr>\n<td style=\"text-align: center\"><a href=\"http:\/\/ducalehotel.com\/fr\/files\/2011\/09\/mappa.jpg\"><img loading=\"lazy\" class=\"alignnone size-full wp-image-65\" src=\"http:\/\/ducalehotel.com\/fr\/files\/2011\/09\/MAPPAMINI.jpg\" alt=\"\" width=\"200\" height=\"200\" srcset=\"https:\/\/www.ducalehotel.com\/fr\/files\/2011\/09\/MAPPAMINI.jpg 200w, https:\/\/www.ducalehotel.com\/fr\/files\/2011\/09\/MAPPAMINI-185x185.jpg 185w\" sizes=\"(max-width: 200px) 100vw, 200px\" \/><\/a><\/td>\n<td valign=\"top\"><a href=\"http:\/\/ducalehotel.com\/fr\/files\/2011\/09\/mappa.jpg\">Stampa la mappa<br \/>\nin formato PDF<\/a>Se non riesci a leggere<br \/>\ndocumenti PDF,<a href=\"http:\/\/get.adobe.com\/it\/reader\/\" target=\"_blank\">Scarica Acrobat Reader\u00a0<\/a><\/td>\n<\/tr>\n<\/tbody>\n<\/table>\n<p style=\"text-align: left\" align=\"CENTER\">AUTO<\/p>\n<p style=\"text-align: left\" align=\"JUSTIFY\">Autoroute A4, apr\u00e8s le p\u00e9hage prennez le sortie A\u00e9roport Marco Polo. Au rond-point de l&#8217;A\u00e9roport, prennez le deuxi\u00e8me sortie et apr\u00e8s 500 me\u00e8tres tournez droite en Via Triestina.<\/p>\n<p style=\"text-align: left\" align=\"JUSTIFY\">Apr\u00e8s 4 km vous trouvez un autre rond-point, prennez le premier sortie, passez deux feus et vous trouverai \u00e0 droite.<\/p>\n<p style=\"text-align: left\" align=\"JUSTIFY\">\n<p style=\"text-align: left\" align=\"CENTER\">Les arr\u00eats de moins de transport pr\u00e8s de l&#8217;Hotel sont <strong>PASTRELLO\u00a0<\/strong>et<strong>\u00a0MUNICIPIO.<\/strong><\/p>\n<p style=\"text-align: left\" align=\"CENTER\">\n<p>AVION<\/p>\n<p>De l&#8217;A\u00e9roport Marco Polo de Tessera \u2013 Venise (VCE)<\/p>\n<p>&#8211; \u00a0 \u00a0 \u00a0 Bus n. 45 ou 4 (le nuit), direction Venise, notre arr\u00eat est &#8220;Pastrello&#8221;;<\/p>\n<p>&#8211;\u00a0\u00a0\u00a0\u00a0\u00a0\u00a0\u00a0 Taxi<\/p>\n<p>&nbsp;<\/p>\n<p>De l&#8217;A\u00e9roport Canova de Trevise (TSF)<\/p>\n<p align=\"center\">\n<p>&#8211;\u00a0\u00a0\u00a0\u00a0\u00a0\u00a0\u00a0 Bus de la compagnie ATVO, direction Venise, les horaire du d\u00e9part sont en coincidence avec l&#8217;arriv\u00e9e des voles; vous pouvez d\u00e9scendre soit \u00e0 la Gare de Mestre (1) soit Piazzale Roma (2)<\/p>\n<p>&nbsp;<\/p>\n<p>1) prennez le Tram T1 direction Favaro Veneto,\u00a0 notre arr\u00eat est &#8220;Pastrello&#8221;;<\/p>\n<p>2) prennez le Bus n. 19 (n. 4 le nuit) direction Favaro Veneto, notre arr\u00eat est &#8220;Municipio&#8221; ou \u201cPastrello\u201d;<\/p>\n<p>&nbsp;<\/p>\n<p>&#8211;\u00a0\u00a0\u00a0\u00a0\u00a0\u00a0\u00a0\u00a0 Taxi<\/p>\n<p>&nbsp;<\/p>\n<p>TRAIN<\/p>\n<p>De la Gare de Mestre<\/p>\n<p align=\"center\">\n<p>&#8211;\u00a0\u00a0\u00a0\u00a0\u00a0\u00a0\u00a0\u00a0 Bus n. 9 direction San Liberale, notre arr\u00eat est &#8220;Municipio&#8221;;<\/p>\n<p>&#8211;\u00a0\u00a0\u00a0\u00a0\u00a0\u00a0\u00a0\u00a0 Tram T1 direction Favaro Veneto,\u00a0 notre arr\u00eat est &#8220;Piazza Pastrello&#8221;;<\/p>\n<p>&#8211;\u00a0\u00a0\u00a0\u00a0\u00a0\u00a0\u00a0\u00a0 Taxi<\/p>\n<p>&nbsp;<\/p>\n<p>De la Gare de Venise S. Lucia<\/p>\n<p>En sortant de la gare, tournez droite, traversez le Pont de la Constitution et vous vous trouverez Piazzale Roma (5 minutes \u00e0 pieds ou 1 arr\u00eat de vaporetto). D&#8217;ici:<\/p>\n<p>&nbsp;<\/p>\n<p>&#8211;\u00a0\u00a0\u00a0\u00a0\u00a0\u00a0\u00a0 Bus n. 19 (n. 4 le nuit) direction Favaro Veneto,\u00a0 notre arr\u00eat est &#8220;Municipio&#8221; o &#8220;Pastrello&#8221;;<\/p>\n<p>&#8211;\u00a0\u00a0\u00a0\u00a0\u00a0\u00a0\u00a0 Taxi<\/p>\n<p>&nbsp;<\/p>\n<p>Si au lieu d&#8217;attendre, vous pr\u00e9f\u00e9rez arriver et trouver une voiture pr\u00eate pour vous emmener directement \u00e0 l&#8217;h\u00f4tel, nous vous proposons un transfert avec une voiture priv\u00e9e.<\/p>\n<p>Le chauffeur vous attendra en dehors des \u201carriv\u00e9es\u201d \u00e0 l&#8217;A\u00e9roport (ou \u00e0 l&#8217;ext\u00e9rieur de la gare de Mestre) avec un pannel avec votre nom et vous emmenera \u00e0 l&#8217;H\u00f4tel.<\/p>\n<p>Pour infos et r\u00e9servations sur ce service: info@ducalehotel.com<\/p>\n<p>&nbsp;<\/p>\n<p>Autres indicactions&#8230;<\/p>\n<p>&nbsp;<\/p>\n<p>De Venise-Piazzale Roma pour l&#8217;Hotel<\/p>\n<p>&nbsp;<\/p>\n<p>&#8211;\u00a0\u00a0\u00a0\u00a0\u00a0\u00a0\u00a0\u00a0 Bus n. 19 (n. 4 le nuit) direzione Favaro Veneto, notre arr\u00eat est &#8220;Pastrello&#8221; ou &#8220;Municipio&#8221;;<\/p>\n<p>&#8211;\u00a0\u00a0\u00a0\u00a0\u00a0\u00a0\u00a0\u00a0 Taxi<\/p>\n<p>&nbsp;<\/p>\n<p>Du Port de Venise pour l&#8217;Hotel<\/p>\n<p>&nbsp;<\/p>\n<p>&#8211;\u00a0\u00a0\u00a0\u00a0\u00a0\u00a0\u00a0\u00a0 Train &#8220;PeopleMover&#8221; direction Venise-Piazzale Roma,\u00a0 continuez par bus n. 19 (n. 4 notturno) direction Favaro Veneto, notre arr\u00eat est &#8220;Municipio&#8221; o &#8220;Pastrello&#8221;;<\/p>\n<p>&#8211;\u00a0\u00a0\u00a0\u00a0\u00a0\u00a0\u00a0\u00a0 Taxi<\/p>\n<p>&nbsp;<\/p>\n<p>Les horaire et le lignes de bus peuvent changer, pourtant veuillez les controller sur les sites <a href=\"http:\/\/www.actv.it\/\">www.actv.it<\/a> pour les busses de ville et <a href=\"http:\/\/www.atvo.it\/\">www.atvo.it<\/a> pour les busses de\/pour Trevise.<\/p>\n","protected":false},"excerpt":{"rendered":"<p>Coordinate GPS: latitudine 45\u00b030\u201900\u201d N \u2013 longitudine 12\u00b017\u201922\u201d E Stampa la mappa in formato PDFSe non riesci a leggere documenti PDF,Scarica Acrobat Reader\u00a0 AUTO Autoroute A4, apr\u00e8s le p\u00e9hage prennez le sortie A\u00e9roport Marco Polo. Au rond-point de l&#8217;A\u00e9roport, prennez le deuxi\u00e8me sortie et apr\u00e8s 500 me\u00e8tres tournez droite en Via Triestina. Apr\u00e8s 4 km [&hellip;]<\/p>\n","protected":false},"author":1,"featured_media":0,"parent":0,"menu_order":0,"comment_status":"open","ping_status":"open","template":"","meta":{"ngg_post_thumbnail":0},"_links":{"self":[{"href":"https:\/\/www.ducalehotel.com\/fr\/wp-json\/wp\/v2\/pages\/22"}],"collection":[{"href":"https:\/\/www.ducalehotel.com\/fr\/wp-json\/wp\/v2\/pages"}],"about":[{"href":"https:\/\/www.ducalehotel.com\/fr\/wp-json\/wp\/v2\/types\/page"}],"author":[{"embeddable":true,"href":"https:\/\/www.ducalehotel.com\/fr\/wp-json\/wp\/v2\/users\/1"}],"replies":[{"embeddable":true,"href":"https:\/\/www.ducalehotel.com\/fr\/wp-json\/wp\/v2\/comments?post=22"}],"version-history":[{"count":22,"href":"https:\/\/www.ducalehotel.com\/fr\/wp-json\/wp\/v2\/pages\/22\/revisions"}],"predecessor-version":[{"id":63,"href":"https:\/\/www.ducalehotel.com\/fr\/wp-json\/wp\/v2\/pages\/22\/revisions\/63"}],"wp:attachment":[{"href":"https:\/\/www.ducalehotel.com\/fr\/wp-json\/wp\/v2\/media?parent=22"}],"curies":[{"name":"wp","href":"https:\/\/api.w.org\/{rel}","templated":true}]}}