{"id":19,"date":"2011-09-29T11:03:36","date_gmt":"2011-09-29T11:03:36","guid":{"rendered":"http:\/\/ducalehotel.com\/it\/?page_id=19"},"modified":"2016-07-24T07:26:15","modified_gmt":"2016-07-24T07:26:15","slug":"rooms","status":"publish","type":"page","link":"https:\/\/www.ducalehotel.com\/fr\/rooms\/","title":{"rendered":"CHAMBRES"},"content":{"rendered":"<p>Nos Chambres sont toutes en style classique avec parquet et ont:<\/p>\n<ul>\n<li>Salle de bain \u00a0priv\u00e9e\u00a0avec douche,<\/li>\n<li>S\u00e8che cheveux,<\/li>\n<li>set di cortesie<\/li>\n<li>air climatis\u00e9\/chauffage,<\/li>\n<li>wifi\u00a0gratuit disponible partout dans l\u2019hotel,<\/li>\n<li>coffrefort<\/li>\n<li>television\u00a0LCD avec programmes SKY,<\/li>\n<li>telephone\u00a0avec service reveille automatique,<\/li>\n<li>\u00a0syst\u00e8me d&#8217;alarme anti-incendie<\/li>\n<li>accessoires ignifug\u00e9s<\/li>\n<li>chambres\u00a0non fumeurs<\/li>\n<\/ul>\n<p>Toutes les chambres sont non fumeur, une zone r\u00e9serv\u00e9e aux fumeurs se trouve justement hors de l\u2019entr\u00e9e de l\u2019hotel.<\/p>\n<p>Tipologies de chambres disponibles:<\/p>\n<ul>\n<li>Single Standard\u00a0(un lit simple)<\/li>\n<li>Dus\u00a0(lit double fran\u00e7ais)<\/li>\n<li>Double Standard\u00a0(un lit double ou 2 lit s\u00e9par\u00e9s)<\/li>\n<li>Triple Standard\u00a0(trois lit s\u00e9par\u00e9s ou un double + lit simple)<\/li>\n<li>Quadruple Standard\u00a0(quattre lits simples ou un double + 2 lits separ\u00e9s)<\/li>\n<\/ul>\n<p align=\"center\">Pour enfants jusqu\u2019\u00e0 2 ans nous pouvons mettre \u00e0 disposition un lit b\u00e9b\u00e9 gratuit; communiquez-le nous pour temps!<\/p>\n<p align=\"center\">Check-in\u00a0\u00e0 partir de 15:00 heures<\/p>\n<p align=\"center\">Check-out\u00a0entre 11:00 heures<\/p>\n<p align=\"center\">\n<p align=\"center\">Controllez la disponibilit\u00e9 on-line\u00a0et les plusieurs offres sp\u00e9ciales!<\/p>\n<!-- index.php -->\n<div\n\tclass=\"ngg-galleryoverview ngg-ajax-pagination-none\"\n\tid=\"ngg-gallery-32a98cfd6d76f12ab830fe3b3e649e09-1\">\n\n    \t\t<!-- Thumbnails -->\n\t\t\t\t<div id=\"ngg-image-0\" class=\"ngg-gallery-thumbnail-box\" >\n\t\t\t\t        <div class=\"ngg-gallery-thumbnail\">\n            <a href=\"https:\/\/www.ducalehotel.com\/fr\/wp-content\/blogs.dir\/4\/files\/camere\/img_4941.jpg\"\n               title=\"\"\n               data-src=\"https:\/\/www.ducalehotel.com\/fr\/wp-content\/blogs.dir\/4\/files\/camere\/img_4941.jpg\"\n               data-thumbnail=\"https:\/\/www.ducalehotel.com\/fr\/wp-content\/blogs.dir\/4\/files\/camere\/thumbs\/thumbs_img_4941.jpg\"\n               data-image-id=\"16\"\n               data-title=\"img_4941\"\n               data-description=\"\"\n               data-image-slug=\"img_4941\"\n               >\n                <img\n                    title=\"img_4941\"\n                    alt=\"img_4941\"\n                    src=\"https:\/\/www.ducalehotel.com\/fr\/wp-content\/blogs.dir\/4\/files\/camere\/thumbs\/thumbs_img_4941.jpg\"\n                    width=\"130\"\n                    height=\"130\"\n                    style=\"max-width:100%;\"\n                \/>\n            <\/a>\n        <\/div>\n\t\t\t\t\t\t\t<\/div> \n\t\t\t\n        \n\t\t\t\t<div id=\"ngg-image-1\" class=\"ngg-gallery-thumbnail-box\" >\n\t\t\t\t        <div class=\"ngg-gallery-thumbnail\">\n            <a href=\"https:\/\/www.ducalehotel.com\/fr\/wp-content\/blogs.dir\/4\/files\/camere\/img_4994.jpg\"\n               title=\"\"\n               data-src=\"https:\/\/www.ducalehotel.com\/fr\/wp-content\/blogs.dir\/4\/files\/camere\/img_4994.jpg\"\n               data-thumbnail=\"https:\/\/www.ducalehotel.com\/fr\/wp-content\/blogs.dir\/4\/files\/camere\/thumbs\/thumbs_img_4994.jpg\"\n               data-image-id=\"19\"\n               data-title=\"img_4994\"\n               data-description=\"\"\n               data-image-slug=\"img_4994-2\"\n               >\n                <img\n                    title=\"img_4994\"\n                    alt=\"img_4994\"\n                    src=\"https:\/\/www.ducalehotel.com\/fr\/wp-content\/blogs.dir\/4\/files\/camere\/thumbs\/thumbs_img_4994.jpg\"\n                    width=\"130\"\n                    height=\"130\"\n                    style=\"max-width:100%;\"\n                \/>\n            <\/a>\n        <\/div>\n\t\t\t\t\t\t\t<\/div> \n\t\t\t\n        \n\t\t\t\t<div id=\"ngg-image-2\" class=\"ngg-gallery-thumbnail-box\" >\n\t\t\t\t        <div class=\"ngg-gallery-thumbnail\">\n            <a href=\"https:\/\/www.ducalehotel.com\/fr\/wp-content\/blogs.dir\/4\/files\/camere\/img_4996.jpg\"\n               title=\"\"\n               data-src=\"https:\/\/www.ducalehotel.com\/fr\/wp-content\/blogs.dir\/4\/files\/camere\/img_4996.jpg\"\n               data-thumbnail=\"https:\/\/www.ducalehotel.com\/fr\/wp-content\/blogs.dir\/4\/files\/camere\/thumbs\/thumbs_img_4996.jpg\"\n               data-image-id=\"20\"\n               data-title=\"img_4996\"\n               data-description=\"\"\n               data-image-slug=\"img_4996\"\n               >\n                <img\n                    title=\"img_4996\"\n                    alt=\"img_4996\"\n                    src=\"https:\/\/www.ducalehotel.com\/fr\/wp-content\/blogs.dir\/4\/files\/camere\/thumbs\/thumbs_img_4996.jpg\"\n                    width=\"130\"\n                    height=\"130\"\n                    style=\"max-width:100%;\"\n                \/>\n            <\/a>\n        <\/div>\n\t\t\t\t\t\t\t<\/div> \n\t\t\t\n        \n\t\t\n\t\t<!-- Pagination -->\n\t<div class='ngg-clear'><\/div>\t<\/div>\n\n<p>&nbsp;<\/p>\n<p>&nbsp;<\/p>\n","protected":false},"excerpt":{"rendered":"<p>Nos Chambres sont toutes en style classique avec parquet et ont: Salle de bain \u00a0priv\u00e9e\u00a0avec douche, S\u00e8che cheveux, set di cortesie air climatis\u00e9\/chauffage, wifi\u00a0gratuit disponible partout dans l\u2019hotel, coffrefort television\u00a0LCD avec programmes SKY, telephone\u00a0avec service reveille automatique, \u00a0syst\u00e8me d&#8217;alarme anti-incendie accessoires ignifug\u00e9s chambres\u00a0non fumeurs Toutes les chambres sont non fumeur, une zone r\u00e9serv\u00e9e aux fumeurs [&hellip;]<\/p>\n","protected":false},"author":1,"featured_media":0,"parent":0,"menu_order":0,"comment_status":"open","ping_status":"closed","template":"","meta":{"ngg_post_thumbnail":0},"_links":{"self":[{"href":"https:\/\/www.ducalehotel.com\/fr\/wp-json\/wp\/v2\/pages\/19"}],"collection":[{"href":"https:\/\/www.ducalehotel.com\/fr\/wp-json\/wp\/v2\/pages"}],"about":[{"href":"https:\/\/www.ducalehotel.com\/fr\/wp-json\/wp\/v2\/types\/page"}],"author":[{"embeddable":true,"href":"https:\/\/www.ducalehotel.com\/fr\/wp-json\/wp\/v2\/users\/1"}],"replies":[{"embeddable":true,"href":"https:\/\/www.ducalehotel.com\/fr\/wp-json\/wp\/v2\/comments?post=19"}],"version-history":[{"count":8,"href":"https:\/\/www.ducalehotel.com\/fr\/wp-json\/wp\/v2\/pages\/19\/revisions"}],"predecessor-version":[{"id":61,"href":"https:\/\/www.ducalehotel.com\/fr\/wp-json\/wp\/v2\/pages\/19\/revisions\/61"}],"wp:attachment":[{"href":"https:\/\/www.ducalehotel.com\/fr\/wp-json\/wp\/v2\/media?parent=19"}],"curies":[{"name":"wp","href":"https:\/\/api.w.org\/{rel}","templated":true}]}}