{"id":15,"date":"2011-09-29T11:00:31","date_gmt":"2011-09-29T09:00:31","guid":{"rendered":"http:\/\/ducalehotel.com\/it\/?page_id=15"},"modified":"2016-07-24T12:01:44","modified_gmt":"2016-07-24T12:01:44","slug":"home","status":"publish","type":"page","link":"https:\/\/www.ducalehotel.com\/fr\/","title":{"rendered":"HOME"},"content":{"rendered":"<p>L\u2019Hotel Ducale se trouve <strong>Favaro Veneto<\/strong>, petite localit\u00e9 de banlieu, n\u00e9e et d\u00e9velopp\u00e9e entre les ann\u00e9s &#8217;50 et \u201960: il s\u2019agit d\u2019une zone tr\u00e8s bien servie et en <strong>position strat\u00e9gique<\/strong> pour visiter Venise; la pluspart de nos clients abituels, en effet, nous apprecient pour la position d\u00e9centr\u00e9e par raport au centre historic, mais tout <strong>pr\u00e8s de Venise<\/strong>, avec laquelle nous sommes li\u00e9s par fr\u00e9quents moins de transport publiques, jusqu\u2019\u00e0 tard le nuit; les arr\u00eats se trouvent <strong>50 m\u00e8tres<\/strong> de l\u2019Hotel et pour rejoinder Piazzale Roma le bus il y met <strong>15\/20 minutes<\/strong>, le tramway 30\/40 minutes.<\/p>\n<p>L\u2019Hotel se trouve seulement <strong>5 km<\/strong> de l\u2019A\u00e9roport Marco Polo de Venise (VCE), avec lequel nous sommes li\u00e9s par bus publiques ou taxis, <strong>40 km<\/strong> de l\u2019A\u00e9roport Canova de Trevise (TSF) li\u00e9 aussi par bus publiques, bus priv\u00e9s (les departs sont en correspondence avec l\u2019arriv\u00e9es de vols, ou taxis.<\/p>\n<p>En plus nous sommes seulement <strong>20\/30 minutes<\/strong> de la Gare de Mestre par bus, tramway ou taxi, et <strong>20 minutes<\/strong> de Venise par bus.<\/p>\n<p>&nbsp;<\/p>\n<!-- index.php -->\n<div\n\tclass=\"ngg-galleryoverview ngg-ajax-pagination-none\"\n\tid=\"ngg-gallery-30565f9c5d64e0cfa5f172772eb4add8-1\">\n\n    \t\t<!-- Thumbnails -->\n\t\t\t\t<div id=\"ngg-image-0\" class=\"ngg-gallery-thumbnail-box\" >\n\t\t\t\t        <div class=\"ngg-gallery-thumbnail\">\n            <a href=\"https:\/\/www.ducalehotel.com\/fr\/wp-content\/blogs.dir\/4\/files\/home\/img_9828-fileminimizer.jpg\"\n               title=\"\"\n               data-src=\"https:\/\/www.ducalehotel.com\/fr\/wp-content\/blogs.dir\/4\/files\/home\/img_9828-fileminimizer.jpg\"\n               data-thumbnail=\"https:\/\/www.ducalehotel.com\/fr\/wp-content\/blogs.dir\/4\/files\/home\/thumbs\/thumbs_img_9828-fileminimizer.jpg\"\n               data-image-id=\"41\"\n               data-title=\"img_9828-fileminimizer\"\n               data-description=\"\"\n               data-image-slug=\"img_9828-fileminimizer\"\n               >\n                <img\n                    title=\"img_9828-fileminimizer\"\n                    alt=\"img_9828-fileminimizer\"\n                    src=\"https:\/\/www.ducalehotel.com\/fr\/wp-content\/blogs.dir\/4\/files\/home\/thumbs\/thumbs_img_9828-fileminimizer.jpg\"\n                    width=\"130\"\n                    height=\"130\"\n                    style=\"max-width:100%;\"\n                \/>\n            <\/a>\n        <\/div>\n\t\t\t\t\t\t\t<\/div> \n\t\t\t\n        \n\t\t\t\t<div id=\"ngg-image-1\" class=\"ngg-gallery-thumbnail-box\" >\n\t\t\t\t        <div class=\"ngg-gallery-thumbnail\">\n            <a href=\"https:\/\/www.ducalehotel.com\/fr\/wp-content\/blogs.dir\/4\/files\/home\/img_9838-fileminimizer.jpg\"\n               title=\"\"\n               data-src=\"https:\/\/www.ducalehotel.com\/fr\/wp-content\/blogs.dir\/4\/files\/home\/img_9838-fileminimizer.jpg\"\n               data-thumbnail=\"https:\/\/www.ducalehotel.com\/fr\/wp-content\/blogs.dir\/4\/files\/home\/thumbs\/thumbs_img_9838-fileminimizer.jpg\"\n               data-image-id=\"42\"\n               data-title=\"img_9838-fileminimizer\"\n               data-description=\"\"\n               data-image-slug=\"img_9838-fileminimizer\"\n               >\n                <img\n                    title=\"img_9838-fileminimizer\"\n                    alt=\"img_9838-fileminimizer\"\n                    src=\"https:\/\/www.ducalehotel.com\/fr\/wp-content\/blogs.dir\/4\/files\/home\/thumbs\/thumbs_img_9838-fileminimizer.jpg\"\n                    width=\"130\"\n                    height=\"130\"\n                    style=\"max-width:100%;\"\n                \/>\n            <\/a>\n        <\/div>\n\t\t\t\t\t\t\t<\/div> \n\t\t\t\n        \n\t\t\t\t<div id=\"ngg-image-2\" class=\"ngg-gallery-thumbnail-box\" >\n\t\t\t\t        <div class=\"ngg-gallery-thumbnail\">\n            <a href=\"https:\/\/www.ducalehotel.com\/fr\/wp-content\/blogs.dir\/4\/files\/home\/img_9842-fileminimizer.jpg\"\n               title=\"\"\n               data-src=\"https:\/\/www.ducalehotel.com\/fr\/wp-content\/blogs.dir\/4\/files\/home\/img_9842-fileminimizer.jpg\"\n               data-thumbnail=\"https:\/\/www.ducalehotel.com\/fr\/wp-content\/blogs.dir\/4\/files\/home\/thumbs\/thumbs_img_9842-fileminimizer.jpg\"\n               data-image-id=\"43\"\n               data-title=\"img_9842-fileminimizer\"\n               data-description=\"\"\n               data-image-slug=\"img_9842-fileminimizer\"\n               >\n                <img\n                    title=\"img_9842-fileminimizer\"\n                    alt=\"img_9842-fileminimizer\"\n                    src=\"https:\/\/www.ducalehotel.com\/fr\/wp-content\/blogs.dir\/4\/files\/home\/thumbs\/thumbs_img_9842-fileminimizer.jpg\"\n                    width=\"130\"\n                    height=\"130\"\n                    style=\"max-width:100%;\"\n                \/>\n            <\/a>\n        <\/div>\n\t\t\t\t\t\t\t<\/div> \n\t\t\t\n        \n\t\t\t\t<div id=\"ngg-image-3\" class=\"ngg-gallery-thumbnail-box\" >\n\t\t\t\t        <div class=\"ngg-gallery-thumbnail\">\n            <a href=\"https:\/\/www.ducalehotel.com\/fr\/wp-content\/blogs.dir\/4\/files\/home\/img_9855-fileminimizer.jpg\"\n               title=\"\"\n               data-src=\"https:\/\/www.ducalehotel.com\/fr\/wp-content\/blogs.dir\/4\/files\/home\/img_9855-fileminimizer.jpg\"\n               data-thumbnail=\"https:\/\/www.ducalehotel.com\/fr\/wp-content\/blogs.dir\/4\/files\/home\/thumbs\/thumbs_img_9855-fileminimizer.jpg\"\n               data-image-id=\"44\"\n               data-title=\"img_9855-fileminimizer\"\n               data-description=\"\"\n               data-image-slug=\"img_9855-fileminimizer\"\n               >\n                <img\n                    title=\"img_9855-fileminimizer\"\n                    alt=\"img_9855-fileminimizer\"\n                    src=\"https:\/\/www.ducalehotel.com\/fr\/wp-content\/blogs.dir\/4\/files\/home\/thumbs\/thumbs_img_9855-fileminimizer.jpg\"\n                    width=\"130\"\n                    height=\"130\"\n                    style=\"max-width:100%;\"\n                \/>\n            <\/a>\n        <\/div>\n\t\t\t\t\t\t\t<\/div> \n\t\t\t\n        \n\t\t\t\t<div id=\"ngg-image-4\" class=\"ngg-gallery-thumbnail-box\" >\n\t\t\t\t        <div class=\"ngg-gallery-thumbnail\">\n            <a href=\"https:\/\/www.ducalehotel.com\/fr\/wp-content\/blogs.dir\/4\/files\/home\/img_9859-fileminimizer.jpg\"\n               title=\"\"\n               data-src=\"https:\/\/www.ducalehotel.com\/fr\/wp-content\/blogs.dir\/4\/files\/home\/img_9859-fileminimizer.jpg\"\n               data-thumbnail=\"https:\/\/www.ducalehotel.com\/fr\/wp-content\/blogs.dir\/4\/files\/home\/thumbs\/thumbs_img_9859-fileminimizer.jpg\"\n               data-image-id=\"45\"\n               data-title=\"img_9859-fileminimizer\"\n               data-description=\"\"\n               data-image-slug=\"img_9859-fileminimizer\"\n               >\n                <img\n                    title=\"img_9859-fileminimizer\"\n                    alt=\"img_9859-fileminimizer\"\n                    src=\"https:\/\/www.ducalehotel.com\/fr\/wp-content\/blogs.dir\/4\/files\/home\/thumbs\/thumbs_img_9859-fileminimizer.jpg\"\n                    width=\"130\"\n                    height=\"130\"\n                    style=\"max-width:100%;\"\n                \/>\n            <\/a>\n        <\/div>\n\t\t\t\t\t\t\t<\/div> \n\t\t\t\n        \n\t\t\t\t<div id=\"ngg-image-5\" class=\"ngg-gallery-thumbnail-box\" >\n\t\t\t\t        <div class=\"ngg-gallery-thumbnail\">\n            <a href=\"https:\/\/www.ducalehotel.com\/fr\/wp-content\/blogs.dir\/4\/files\/home\/img_9905-fileminimizer.jpg\"\n               title=\"\"\n               data-src=\"https:\/\/www.ducalehotel.com\/fr\/wp-content\/blogs.dir\/4\/files\/home\/img_9905-fileminimizer.jpg\"\n               data-thumbnail=\"https:\/\/www.ducalehotel.com\/fr\/wp-content\/blogs.dir\/4\/files\/home\/thumbs\/thumbs_img_9905-fileminimizer.jpg\"\n               data-image-id=\"46\"\n               data-title=\"img_9905-fileminimizer\"\n               data-description=\"\"\n               data-image-slug=\"img_9905-fileminimizer\"\n               >\n                <img\n                    title=\"img_9905-fileminimizer\"\n                    alt=\"img_9905-fileminimizer\"\n                    src=\"https:\/\/www.ducalehotel.com\/fr\/wp-content\/blogs.dir\/4\/files\/home\/thumbs\/thumbs_img_9905-fileminimizer.jpg\"\n                    width=\"130\"\n                    height=\"130\"\n                    style=\"max-width:100%;\"\n                \/>\n            <\/a>\n        <\/div>\n\t\t\t\t\t\t\t<\/div> \n\t\t\t\n        \n\t\t\t\t<div id=\"ngg-image-6\" class=\"ngg-gallery-thumbnail-box\" >\n\t\t\t\t        <div class=\"ngg-gallery-thumbnail\">\n            <a href=\"https:\/\/www.ducalehotel.com\/fr\/wp-content\/blogs.dir\/4\/files\/home\/img_9920-fileminimizer.jpg\"\n               title=\"\"\n               data-src=\"https:\/\/www.ducalehotel.com\/fr\/wp-content\/blogs.dir\/4\/files\/home\/img_9920-fileminimizer.jpg\"\n               data-thumbnail=\"https:\/\/www.ducalehotel.com\/fr\/wp-content\/blogs.dir\/4\/files\/home\/thumbs\/thumbs_img_9920-fileminimizer.jpg\"\n               data-image-id=\"47\"\n               data-title=\"img_9920-fileminimizer\"\n               data-description=\"\"\n               data-image-slug=\"img_9920-fileminimizer\"\n               >\n                <img\n                    title=\"img_9920-fileminimizer\"\n                    alt=\"img_9920-fileminimizer\"\n                    src=\"https:\/\/www.ducalehotel.com\/fr\/wp-content\/blogs.dir\/4\/files\/home\/thumbs\/thumbs_img_9920-fileminimizer.jpg\"\n                    width=\"130\"\n                    height=\"130\"\n                    style=\"max-width:100%;\"\n                \/>\n            <\/a>\n        <\/div>\n\t\t\t\t\t\t\t<\/div> \n\t\t\t\n        \n\t\t\t\t<div id=\"ngg-image-7\" class=\"ngg-gallery-thumbnail-box\" >\n\t\t\t\t        <div class=\"ngg-gallery-thumbnail\">\n            <a href=\"https:\/\/www.ducalehotel.com\/fr\/wp-content\/blogs.dir\/4\/files\/home\/img_9926-fileminimizer.jpg\"\n               title=\"\"\n               data-src=\"https:\/\/www.ducalehotel.com\/fr\/wp-content\/blogs.dir\/4\/files\/home\/img_9926-fileminimizer.jpg\"\n               data-thumbnail=\"https:\/\/www.ducalehotel.com\/fr\/wp-content\/blogs.dir\/4\/files\/home\/thumbs\/thumbs_img_9926-fileminimizer.jpg\"\n               data-image-id=\"48\"\n               data-title=\"img_9926-fileminimizer\"\n               data-description=\"\"\n               data-image-slug=\"img_9926-fileminimizer\"\n               >\n                <img\n                    title=\"img_9926-fileminimizer\"\n                    alt=\"img_9926-fileminimizer\"\n                    src=\"https:\/\/www.ducalehotel.com\/fr\/wp-content\/blogs.dir\/4\/files\/home\/thumbs\/thumbs_img_9926-fileminimizer.jpg\"\n                    width=\"130\"\n                    height=\"130\"\n                    style=\"max-width:100%;\"\n                \/>\n            <\/a>\n        <\/div>\n\t\t\t\t\t\t\t<\/div> \n\t\t\t\n        \n\t\t\t\t<div id=\"ngg-image-8\" class=\"ngg-gallery-thumbnail-box\" >\n\t\t\t\t        <div class=\"ngg-gallery-thumbnail\">\n            <a href=\"https:\/\/www.ducalehotel.com\/fr\/wp-content\/blogs.dir\/4\/files\/home\/img_9894-fileminimizer.jpg\"\n               title=\"\"\n               data-src=\"https:\/\/www.ducalehotel.com\/fr\/wp-content\/blogs.dir\/4\/files\/home\/img_9894-fileminimizer.jpg\"\n               data-thumbnail=\"https:\/\/www.ducalehotel.com\/fr\/wp-content\/blogs.dir\/4\/files\/home\/thumbs\/thumbs_img_9894-fileminimizer.jpg\"\n               data-image-id=\"49\"\n               data-title=\"img_9894-fileminimizer\"\n               data-description=\"\"\n               data-image-slug=\"img_9894-fileminimizer\"\n               >\n                <img\n                    title=\"img_9894-fileminimizer\"\n                    alt=\"img_9894-fileminimizer\"\n                    src=\"https:\/\/www.ducalehotel.com\/fr\/wp-content\/blogs.dir\/4\/files\/home\/thumbs\/thumbs_img_9894-fileminimizer.jpg\"\n                    width=\"130\"\n                    height=\"130\"\n                    style=\"max-width:100%;\"\n                \/>\n            <\/a>\n        <\/div>\n\t\t\t\t\t\t\t<\/div> \n\t\t\t\n        \n\t\t\t\t<div id=\"ngg-image-9\" class=\"ngg-gallery-thumbnail-box\" >\n\t\t\t\t        <div class=\"ngg-gallery-thumbnail\">\n            <a href=\"https:\/\/www.ducalehotel.com\/fr\/wp-content\/blogs.dir\/4\/files\/home\/img_9810-fileminimizer.jpg\"\n               title=\"\"\n               data-src=\"https:\/\/www.ducalehotel.com\/fr\/wp-content\/blogs.dir\/4\/files\/home\/img_9810-fileminimizer.jpg\"\n               data-thumbnail=\"https:\/\/www.ducalehotel.com\/fr\/wp-content\/blogs.dir\/4\/files\/home\/thumbs\/thumbs_img_9810-fileminimizer.jpg\"\n               data-image-id=\"50\"\n               data-title=\"img_9810-fileminimizer\"\n               data-description=\"\"\n               data-image-slug=\"img_9810-fileminimizer\"\n               >\n                <img\n                    title=\"img_9810-fileminimizer\"\n                    alt=\"img_9810-fileminimizer\"\n                    src=\"https:\/\/www.ducalehotel.com\/fr\/wp-content\/blogs.dir\/4\/files\/home\/thumbs\/thumbs_img_9810-fileminimizer.jpg\"\n                    width=\"130\"\n                    height=\"130\"\n                    style=\"max-width:100%;\"\n                \/>\n            <\/a>\n        <\/div>\n\t\t\t\t\t\t\t<\/div> \n\t\t\t\n        \n\t\t\t\t<div id=\"ngg-image-10\" class=\"ngg-gallery-thumbnail-box\" >\n\t\t\t\t        <div class=\"ngg-gallery-thumbnail\">\n            <a href=\"https:\/\/www.ducalehotel.com\/fr\/wp-content\/blogs.dir\/4\/files\/home\/img_9861-fileminimizer.jpg\"\n               title=\"\"\n               data-src=\"https:\/\/www.ducalehotel.com\/fr\/wp-content\/blogs.dir\/4\/files\/home\/img_9861-fileminimizer.jpg\"\n               data-thumbnail=\"https:\/\/www.ducalehotel.com\/fr\/wp-content\/blogs.dir\/4\/files\/home\/thumbs\/thumbs_img_9861-fileminimizer.jpg\"\n               data-image-id=\"51\"\n               data-title=\"img_9861-fileminimizer\"\n               data-description=\"\"\n               data-image-slug=\"img_9861-fileminimizer\"\n               >\n                <img\n                    title=\"img_9861-fileminimizer\"\n                    alt=\"img_9861-fileminimizer\"\n                    src=\"https:\/\/www.ducalehotel.com\/fr\/wp-content\/blogs.dir\/4\/files\/home\/thumbs\/thumbs_img_9861-fileminimizer.jpg\"\n                    width=\"130\"\n                    height=\"130\"\n                    style=\"max-width:100%;\"\n                \/>\n            <\/a>\n        <\/div>\n\t\t\t\t\t\t\t<\/div> \n\t\t\t\n        \n\t\t\t\t<div id=\"ngg-image-11\" class=\"ngg-gallery-thumbnail-box\" >\n\t\t\t\t        <div class=\"ngg-gallery-thumbnail\">\n            <a href=\"https:\/\/www.ducalehotel.com\/fr\/wp-content\/blogs.dir\/4\/files\/home\/img_9918-fileminimizer.jpg\"\n               title=\"\"\n               data-src=\"https:\/\/www.ducalehotel.com\/fr\/wp-content\/blogs.dir\/4\/files\/home\/img_9918-fileminimizer.jpg\"\n               data-thumbnail=\"https:\/\/www.ducalehotel.com\/fr\/wp-content\/blogs.dir\/4\/files\/home\/thumbs\/thumbs_img_9918-fileminimizer.jpg\"\n               data-image-id=\"52\"\n               data-title=\"img_9918-fileminimizer\"\n               data-description=\"\"\n               data-image-slug=\"img_9918-fileminimizer\"\n               >\n                <img\n                    title=\"img_9918-fileminimizer\"\n                    alt=\"img_9918-fileminimizer\"\n                    src=\"https:\/\/www.ducalehotel.com\/fr\/wp-content\/blogs.dir\/4\/files\/home\/thumbs\/thumbs_img_9918-fileminimizer.jpg\"\n                    width=\"130\"\n                    height=\"130\"\n                    style=\"max-width:100%;\"\n                \/>\n            <\/a>\n        <\/div>\n\t\t\t\t\t\t\t<\/div> \n\t\t\t\n        \n\t\t\n\t\t<!-- Pagination -->\n\t<div class='ngg-clear'><\/div>\t<\/div>\n\n","protected":false},"excerpt":{"rendered":"<p>L\u2019Hotel Ducale se trouve Favaro Veneto, petite localit\u00e9 de banlieu, n\u00e9e et d\u00e9velopp\u00e9e entre les ann\u00e9s &#8217;50 et \u201960: il s\u2019agit d\u2019une zone tr\u00e8s bien servie et en position strat\u00e9gique pour visiter Venise; la pluspart de nos clients abituels, en effet, nous apprecient pour la position d\u00e9centr\u00e9e par raport au centre historic, mais tout pr\u00e8s [&hellip;]<\/p>\n","protected":false},"author":1,"featured_media":0,"parent":0,"menu_order":0,"comment_status":"open","ping_status":"open","template":"","meta":{"ngg_post_thumbnail":0},"_links":{"self":[{"href":"https:\/\/www.ducalehotel.com\/fr\/wp-json\/wp\/v2\/pages\/15"}],"collection":[{"href":"https:\/\/www.ducalehotel.com\/fr\/wp-json\/wp\/v2\/pages"}],"about":[{"href":"https:\/\/www.ducalehotel.com\/fr\/wp-json\/wp\/v2\/types\/page"}],"author":[{"embeddable":true,"href":"https:\/\/www.ducalehotel.com\/fr\/wp-json\/wp\/v2\/users\/1"}],"replies":[{"embeddable":true,"href":"https:\/\/www.ducalehotel.com\/fr\/wp-json\/wp\/v2\/comments?post=15"}],"version-history":[{"count":34,"href":"https:\/\/www.ducalehotel.com\/fr\/wp-json\/wp\/v2\/pages\/15\/revisions"}],"predecessor-version":[{"id":57,"href":"https:\/\/www.ducalehotel.com\/fr\/wp-json\/wp\/v2\/pages\/15\/revisions\/57"}],"wp:attachment":[{"href":"https:\/\/www.ducalehotel.com\/fr\/wp-json\/wp\/v2\/media?parent=15"}],"curies":[{"name":"wp","href":"https:\/\/api.w.org\/{rel}","templated":true}]}}