{"id":22,"date":"2011-09-29T11:18:01","date_gmt":"2011-09-29T09:18:01","guid":{"rendered":"http:\/\/ducalehotel.com\/it\/?page_id=22"},"modified":"2012-08-07T10:19:35","modified_gmt":"2012-08-07T08:19:35","slug":"location","status":"publish","type":"page","link":"https:\/\/www.ducalehotel.com\/es\/location\/","title":{"rendered":"Ubicaci\u00f2n"},"content":{"rendered":"<p>El Hotel Ducale est\u00e1 situado a 3 km del aeropuerto Marco Polo de Venecia, a 6 km de Piazzale Roma (Venecia), a 4 km del nuevo Casino de Venecia y muy cerca de Mestre, pr\u00e1cticamente en el centro de la tierra firme veneciana.<\/p>\n<table border=\"0\" cellpadding=\"5\">\n<tbody>\n<tr>\n<td><a href=\"..\/files\/2011\/09\/mappa.jpg\"><img loading=\"lazy\" class=\"alignnone size-full wp-image-26\" src=\"..\/files\/2011\/09\/MAPPAMINI.jpg\" alt=\"\" width=\"200\" height=\"200\" \/><\/a><\/td>\n<td valign=\"top\"><a href=\"http:\/\/ducalehotel.com\/it\/files\/2011\/09\/mappa.jpg\">Imprimir el mapa<br \/>\nen formato PDF<\/a>Si no puede leer<br \/>\ndocumentos en formato PDF,<a href=\"http:\/\/get.adobe.com\/it\/reader\/\" target=\"_blank\">Scarica Acrobat Reader<\/a><\/td>\n<\/tr>\n<\/tbody>\n<\/table>\n<p><strong>C\u00d3MO LLEGAR A VENECIA PARTIENDO DEL HOTEL:<\/strong><\/p>\n<ul>\n<li><strong>AUTOB\u00daS:<\/strong> autob\u00fas del servicio p\u00fablico Tram T1 + Bus N.4 cada 7 minutos (emplea 30 minutos para llegar a Piazzale Roma) o autob\u00fas N. 19 cada 15 minutos (emplea 15 minutos para llegar a Piazzale Roma), costo del boleto Euro 1,30 \u2013 Parada del autob\u00fas de frente al hotel (Piazza Pastrello). \u00daltimo autob\u00fas N. 4 desde Venecia a la 01:00 a.m.<\/li>\n<li><strong>TAXI<\/strong><\/li>\n<li><strong>AUTO<\/strong><\/li>\n<\/ul>\n<p><strong>COMO ENCONTRARNOS<\/strong><\/p>\n<p><strong>AEROPUERTO MARCO POLO<\/strong><\/p>\n<ul>\n<li><strong>AUTOB\u00daS:<\/strong> autob\u00fas del servicio p\u00fablico N. 45 (cada hora)<strong><\/strong><\/li>\n<li><strong>TAXI<\/strong><\/li>\n<li><strong>AUTO:<\/strong> cuando salen del aeropuerto doblen a la izquierda y sigan adelante por 100 m, luego giren a la derecha (direcci\u00f3n Favaro Veneto)<\/li>\n<\/ul>\n<p><strong>AUTOPISTA \u201cA4\u201d VENEZIA-MILANO\/VENEZIA-TRIESTE<\/strong><\/p>\n<ul>\n<li><strong>SALIDA AEROPUERTO:<\/strong> sigan las indicaciones &#8220;AEROPORTO&#8221;, una vez pasado el aeropuerto, despu\u00e9s de 100 m aproximadamente, doblen a la derecha y sigan adelante por 3 Km.<\/li>\n<\/ul>\n<p><strong>ESTACI\u00d3N FERROVIARIA DE VENEZIA-MESTRE<\/strong><\/p>\n<ul>\n<li><strong>AUTOB\u00daS:<\/strong> autob\u00fas del servicio p\u00fablico N. 9 (cada 30 minutos)<\/li>\n<li><strong>TAXI<\/strong><\/li>\n<\/ul>\n<p><strong>PUERTO DE VENECIA<\/strong><\/p>\n<ul>\n<li><strong>AUTOB\u00daS:<\/strong> autob\u00fas del servicio p\u00fablico N. 4 y 19 desde Piazzale Roma<\/li>\n<li><strong>TAXI<\/strong><\/li>\n<\/ul>\n<p>&nbsp;<\/p>\n","protected":false},"excerpt":{"rendered":"<p>El Hotel Ducale est\u00e1 situado a 3 km del aeropuerto Marco Polo de Venecia, a 6 km de Piazzale Roma (Venecia), a 4 km del nuevo Casino de Venecia y muy cerca de Mestre, pr\u00e1cticamente en el centro de la tierra firme veneciana. Imprimir el mapa en formato PDFSi no puede leer documentos en formato [&hellip;]<\/p>\n","protected":false},"author":1,"featured_media":0,"parent":0,"menu_order":0,"comment_status":"open","ping_status":"open","template":"","meta":{"ngg_post_thumbnail":0},"_links":{"self":[{"href":"https:\/\/www.ducalehotel.com\/es\/wp-json\/wp\/v2\/pages\/22"}],"collection":[{"href":"https:\/\/www.ducalehotel.com\/es\/wp-json\/wp\/v2\/pages"}],"about":[{"href":"https:\/\/www.ducalehotel.com\/es\/wp-json\/wp\/v2\/types\/page"}],"author":[{"embeddable":true,"href":"https:\/\/www.ducalehotel.com\/es\/wp-json\/wp\/v2\/users\/1"}],"replies":[{"embeddable":true,"href":"https:\/\/www.ducalehotel.com\/es\/wp-json\/wp\/v2\/comments?post=22"}],"version-history":[{"count":18,"href":"https:\/\/www.ducalehotel.com\/es\/wp-json\/wp\/v2\/pages\/22\/revisions"}],"predecessor-version":[{"id":117,"href":"https:\/\/www.ducalehotel.com\/es\/wp-json\/wp\/v2\/pages\/22\/revisions\/117"}],"wp:attachment":[{"href":"https:\/\/www.ducalehotel.com\/es\/wp-json\/wp\/v2\/media?parent=22"}],"curies":[{"name":"wp","href":"https:\/\/api.w.org\/{rel}","templated":true}]}}