{"id":15,"date":"2011-09-29T11:00:31","date_gmt":"2011-09-29T09:00:31","guid":{"rendered":"http:\/\/ducalehotel.com\/it\/?page_id=15"},"modified":"2015-03-31T13:00:08","modified_gmt":"2015-03-31T11:00:08","slug":"home","status":"publish","type":"page","link":"https:\/\/www.ducalehotel.com\/es\/","title":{"rendered":"Home"},"content":{"rendered":"<p>F\u00e1cilmente accesible en coche, el Hotel Ducal ofrece aparcamiento gratuito. Servicio de transporte desde el hotel al aeropuerto internacional de Venecia Marco Polo. Las conexiones con Venecia Piazzale Roma, la estaci\u00f3n de tren de Venecia-Mestre, y el famoso Puerto de Venecia son muy c\u00f3modas, gracias a un servicio de transporte p\u00fablico excelente. Tambi\u00e9n estamos situados a s\u00f3lo 5 km del Casino de Venecia Ca &#8216;Noghera.<\/p>\n<p><strong>El hotel Ducale ha sido remodelado<\/strong> completamente en 1999, adapt\u00e1ndolo a los est\u00e1ndares de seguridad europeos (normas ISO 2000 y otras). El hotel ofrece servicios modernos en un ambiente agradable que satisface tanto al turista m\u00e1s exigente como al hombre de negocios que busca un ambiente acogedor. Desde 1950 la familia Sartori ofrece sus servicios a los hu\u00e9spedes internacionales. El hotel cuenta con 40 habitaciones dotadas de las comodidades m\u00e1s modernas, servicio bar las 24 horas. Otros servicios a disposici\u00f3n de los hu\u00e9spedes incluyen la recepci\u00f3n las 24 horas del d\u00eda (el personal habla ingl\u00e9s, franc\u00e9s, alem\u00e1n, espa\u00f1ol y &#8230;dialecto veneciano), ascensor, aire acondicionado, posibilidad de enviar o recibir fax y mensajes de correo electr\u00f3nico, entrada gratuita al casino, descuentos para el estacionamiento, informaciones sobre los museos y exposiciones locales, mapas de la ciudad, la gu\u00eda Un Ospite di Venezia (El hu\u00e9sped en Venecia), sugerencias sobre los restaurantes y todo lo que pueda ayudar a los visitantes para gozar plenamente de su estancia en Venecia.<\/p>\n<p><strong>Adem\u00e1s estamos<\/strong> a su completa disposici\u00f3n para sugerirles las excursiones tur\u00edsticas m\u00e1s interesantes que parten de Venecia hacia las islas de Murano, Burano y Torcello. Las personas que tienen m\u00e1s tiempo a disposici\u00f3n o que visitan la ciudad por la segunda vez, no tendr\u00edan que perder la ocasi\u00f3n de descubrir la ribera del Brenta, Padua, Treviso, Asolo, Bassano del Grappa, Cortina, Verona y el lago de Garda. Lugares que vale la pena visitar.<\/p>\n<p><strong>Contacten con nosotros sin problemas para cualquier informaci\u00f3n sobre los puntos de inter\u00e9s tur\u00edstico, las visitas guiadas y las excursiones diarias a las islas de Venecia y a las otros centros de atracci\u00f3n tur\u00edstica de la regi\u00f3n V\u00e9neto.<\/strong><\/p>\n<!-- index.php -->\n<div\n\tclass=\"ngg-galleryoverview ngg-ajax-pagination-none\"\n\tid=\"ngg-gallery-30565f9c5d64e0cfa5f172772eb4add8-1\">\n\n    \t\t<!-- Thumbnails -->\n\t\t\t\t<div id=\"ngg-image-0\" class=\"ngg-gallery-thumbnail-box\" >\n\t\t\t\t        <div class=\"ngg-gallery-thumbnail\">\n            <a href=\"https:\/\/www.ducalehotel.com\/es\/wp-content\/blogs.dir\/6\/files\/home\/img_9828-fileminimizer.jpg\"\n               title=\"\"\n               data-src=\"https:\/\/www.ducalehotel.com\/es\/wp-content\/blogs.dir\/6\/files\/home\/img_9828-fileminimizer.jpg\"\n               data-thumbnail=\"https:\/\/www.ducalehotel.com\/es\/wp-content\/blogs.dir\/6\/files\/home\/thumbs\/thumbs_img_9828-fileminimizer.jpg\"\n               data-image-id=\"39\"\n               data-title=\"img_9828-fileminimizer\"\n               data-description=\"\"\n               data-image-slug=\"img_9828-fileminimizer\"\n               >\n                <img\n                    title=\"img_9828-fileminimizer\"\n                    alt=\"img_9828-fileminimizer\"\n                    src=\"https:\/\/www.ducalehotel.com\/es\/wp-content\/blogs.dir\/6\/files\/home\/thumbs\/thumbs_img_9828-fileminimizer.jpg\"\n                    width=\"130\"\n                    height=\"130\"\n                    style=\"max-width:100%;\"\n                \/>\n            <\/a>\n        <\/div>\n\t\t\t\t\t\t\t<\/div> \n\t\t\t\n        \n\t\t\t\t<div id=\"ngg-image-1\" class=\"ngg-gallery-thumbnail-box\" >\n\t\t\t\t        <div class=\"ngg-gallery-thumbnail\">\n            <a href=\"https:\/\/www.ducalehotel.com\/es\/wp-content\/blogs.dir\/6\/files\/home\/img_9838-fileminimizer.jpg\"\n               title=\"\"\n               data-src=\"https:\/\/www.ducalehotel.com\/es\/wp-content\/blogs.dir\/6\/files\/home\/img_9838-fileminimizer.jpg\"\n               data-thumbnail=\"https:\/\/www.ducalehotel.com\/es\/wp-content\/blogs.dir\/6\/files\/home\/thumbs\/thumbs_img_9838-fileminimizer.jpg\"\n               data-image-id=\"40\"\n               data-title=\"img_9838-fileminimizer\"\n               data-description=\"\"\n               data-image-slug=\"img_9838-fileminimizer\"\n               >\n                <img\n                    title=\"img_9838-fileminimizer\"\n                    alt=\"img_9838-fileminimizer\"\n                    src=\"https:\/\/www.ducalehotel.com\/es\/wp-content\/blogs.dir\/6\/files\/home\/thumbs\/thumbs_img_9838-fileminimizer.jpg\"\n                    width=\"130\"\n                    height=\"130\"\n                    style=\"max-width:100%;\"\n                \/>\n            <\/a>\n        <\/div>\n\t\t\t\t\t\t\t<\/div> \n\t\t\t\n        \n\t\t\t\t<div id=\"ngg-image-2\" class=\"ngg-gallery-thumbnail-box\" >\n\t\t\t\t        <div class=\"ngg-gallery-thumbnail\">\n            <a href=\"https:\/\/www.ducalehotel.com\/es\/wp-content\/blogs.dir\/6\/files\/home\/img_9842-fileminimizer.jpg\"\n               title=\"\"\n               data-src=\"https:\/\/www.ducalehotel.com\/es\/wp-content\/blogs.dir\/6\/files\/home\/img_9842-fileminimizer.jpg\"\n               data-thumbnail=\"https:\/\/www.ducalehotel.com\/es\/wp-content\/blogs.dir\/6\/files\/home\/thumbs\/thumbs_img_9842-fileminimizer.jpg\"\n               data-image-id=\"41\"\n               data-title=\"img_9842-fileminimizer\"\n               data-description=\"\"\n               data-image-slug=\"img_9842-fileminimizer\"\n               >\n                <img\n                    title=\"img_9842-fileminimizer\"\n                    alt=\"img_9842-fileminimizer\"\n                    src=\"https:\/\/www.ducalehotel.com\/es\/wp-content\/blogs.dir\/6\/files\/home\/thumbs\/thumbs_img_9842-fileminimizer.jpg\"\n                    width=\"130\"\n                    height=\"130\"\n                    style=\"max-width:100%;\"\n                \/>\n            <\/a>\n        <\/div>\n\t\t\t\t\t\t\t<\/div> \n\t\t\t\n        \n\t\t\t\t<div id=\"ngg-image-3\" class=\"ngg-gallery-thumbnail-box\" >\n\t\t\t\t        <div class=\"ngg-gallery-thumbnail\">\n            <a href=\"https:\/\/www.ducalehotel.com\/es\/wp-content\/blogs.dir\/6\/files\/home\/img_9859-fileminimizer.jpg\"\n               title=\"\"\n               data-src=\"https:\/\/www.ducalehotel.com\/es\/wp-content\/blogs.dir\/6\/files\/home\/img_9859-fileminimizer.jpg\"\n               data-thumbnail=\"https:\/\/www.ducalehotel.com\/es\/wp-content\/blogs.dir\/6\/files\/home\/thumbs\/thumbs_img_9859-fileminimizer.jpg\"\n               data-image-id=\"42\"\n               data-title=\"img_9859-fileminimizer\"\n               data-description=\"\"\n               data-image-slug=\"img_9859-fileminimizer\"\n               >\n                <img\n                    title=\"img_9859-fileminimizer\"\n                    alt=\"img_9859-fileminimizer\"\n                    src=\"https:\/\/www.ducalehotel.com\/es\/wp-content\/blogs.dir\/6\/files\/home\/thumbs\/thumbs_img_9859-fileminimizer.jpg\"\n                    width=\"130\"\n                    height=\"130\"\n                    style=\"max-width:100%;\"\n                \/>\n            <\/a>\n        <\/div>\n\t\t\t\t\t\t\t<\/div> \n\t\t\t\n        \n\t\t\t\t<div id=\"ngg-image-4\" class=\"ngg-gallery-thumbnail-box\" >\n\t\t\t\t        <div class=\"ngg-gallery-thumbnail\">\n            <a href=\"https:\/\/www.ducalehotel.com\/es\/wp-content\/blogs.dir\/6\/files\/home\/img_9855-fileminimizer.jpg\"\n               title=\"\"\n               data-src=\"https:\/\/www.ducalehotel.com\/es\/wp-content\/blogs.dir\/6\/files\/home\/img_9855-fileminimizer.jpg\"\n               data-thumbnail=\"https:\/\/www.ducalehotel.com\/es\/wp-content\/blogs.dir\/6\/files\/home\/thumbs\/thumbs_img_9855-fileminimizer.jpg\"\n               data-image-id=\"43\"\n               data-title=\"img_9855-fileminimizer\"\n               data-description=\"\"\n               data-image-slug=\"img_9855-fileminimizer\"\n               >\n                <img\n                    title=\"img_9855-fileminimizer\"\n                    alt=\"img_9855-fileminimizer\"\n                    src=\"https:\/\/www.ducalehotel.com\/es\/wp-content\/blogs.dir\/6\/files\/home\/thumbs\/thumbs_img_9855-fileminimizer.jpg\"\n                    width=\"130\"\n                    height=\"130\"\n                    style=\"max-width:100%;\"\n                \/>\n            <\/a>\n        <\/div>\n\t\t\t\t\t\t\t<\/div> \n\t\t\t\n        \n\t\t\t\t<div id=\"ngg-image-5\" class=\"ngg-gallery-thumbnail-box\" >\n\t\t\t\t        <div class=\"ngg-gallery-thumbnail\">\n            <a href=\"https:\/\/www.ducalehotel.com\/es\/wp-content\/blogs.dir\/6\/files\/home\/img_9894-fileminimizer.jpg\"\n               title=\"\"\n               data-src=\"https:\/\/www.ducalehotel.com\/es\/wp-content\/blogs.dir\/6\/files\/home\/img_9894-fileminimizer.jpg\"\n               data-thumbnail=\"https:\/\/www.ducalehotel.com\/es\/wp-content\/blogs.dir\/6\/files\/home\/thumbs\/thumbs_img_9894-fileminimizer.jpg\"\n               data-image-id=\"44\"\n               data-title=\"img_9894-fileminimizer\"\n               data-description=\"\"\n               data-image-slug=\"img_9894-fileminimizer\"\n               >\n                <img\n                    title=\"img_9894-fileminimizer\"\n                    alt=\"img_9894-fileminimizer\"\n                    src=\"https:\/\/www.ducalehotel.com\/es\/wp-content\/blogs.dir\/6\/files\/home\/thumbs\/thumbs_img_9894-fileminimizer.jpg\"\n                    width=\"130\"\n                    height=\"130\"\n                    style=\"max-width:100%;\"\n                \/>\n            <\/a>\n        <\/div>\n\t\t\t\t\t\t\t<\/div> \n\t\t\t\n        \n\t\t\t\t<div id=\"ngg-image-6\" class=\"ngg-gallery-thumbnail-box\" >\n\t\t\t\t        <div class=\"ngg-gallery-thumbnail\">\n            <a href=\"https:\/\/www.ducalehotel.com\/es\/wp-content\/blogs.dir\/6\/files\/home\/img_9905-fileminimizer.jpg\"\n               title=\"\"\n               data-src=\"https:\/\/www.ducalehotel.com\/es\/wp-content\/blogs.dir\/6\/files\/home\/img_9905-fileminimizer.jpg\"\n               data-thumbnail=\"https:\/\/www.ducalehotel.com\/es\/wp-content\/blogs.dir\/6\/files\/home\/thumbs\/thumbs_img_9905-fileminimizer.jpg\"\n               data-image-id=\"45\"\n               data-title=\"img_9905-fileminimizer\"\n               data-description=\"\"\n               data-image-slug=\"img_9905-fileminimizer\"\n               >\n                <img\n                    title=\"img_9905-fileminimizer\"\n                    alt=\"img_9905-fileminimizer\"\n                    src=\"https:\/\/www.ducalehotel.com\/es\/wp-content\/blogs.dir\/6\/files\/home\/thumbs\/thumbs_img_9905-fileminimizer.jpg\"\n                    width=\"130\"\n                    height=\"130\"\n                    style=\"max-width:100%;\"\n                \/>\n            <\/a>\n        <\/div>\n\t\t\t\t\t\t\t<\/div> \n\t\t\t\n        \n\t\t\t\t<div id=\"ngg-image-7\" class=\"ngg-gallery-thumbnail-box\" >\n\t\t\t\t        <div class=\"ngg-gallery-thumbnail\">\n            <a href=\"https:\/\/www.ducalehotel.com\/es\/wp-content\/blogs.dir\/6\/files\/home\/img_9920-fileminimizer.jpg\"\n               title=\"\"\n               data-src=\"https:\/\/www.ducalehotel.com\/es\/wp-content\/blogs.dir\/6\/files\/home\/img_9920-fileminimizer.jpg\"\n               data-thumbnail=\"https:\/\/www.ducalehotel.com\/es\/wp-content\/blogs.dir\/6\/files\/home\/thumbs\/thumbs_img_9920-fileminimizer.jpg\"\n               data-image-id=\"46\"\n               data-title=\"img_9920-fileminimizer\"\n               data-description=\"\"\n               data-image-slug=\"img_9920-fileminimizer\"\n               >\n                <img\n                    title=\"img_9920-fileminimizer\"\n                    alt=\"img_9920-fileminimizer\"\n                    src=\"https:\/\/www.ducalehotel.com\/es\/wp-content\/blogs.dir\/6\/files\/home\/thumbs\/thumbs_img_9920-fileminimizer.jpg\"\n                    width=\"130\"\n                    height=\"130\"\n                    style=\"max-width:100%;\"\n                \/>\n            <\/a>\n        <\/div>\n\t\t\t\t\t\t\t<\/div> \n\t\t\t\n        \n\t\t\t\t<div id=\"ngg-image-8\" class=\"ngg-gallery-thumbnail-box\" >\n\t\t\t\t        <div class=\"ngg-gallery-thumbnail\">\n            <a href=\"https:\/\/www.ducalehotel.com\/es\/wp-content\/blogs.dir\/6\/files\/home\/img_9926-fileminimizer.jpg\"\n               title=\"\"\n               data-src=\"https:\/\/www.ducalehotel.com\/es\/wp-content\/blogs.dir\/6\/files\/home\/img_9926-fileminimizer.jpg\"\n               data-thumbnail=\"https:\/\/www.ducalehotel.com\/es\/wp-content\/blogs.dir\/6\/files\/home\/thumbs\/thumbs_img_9926-fileminimizer.jpg\"\n               data-image-id=\"47\"\n               data-title=\"img_9926-fileminimizer\"\n               data-description=\"\"\n               data-image-slug=\"img_9926-fileminimizer\"\n               >\n                <img\n                    title=\"img_9926-fileminimizer\"\n                    alt=\"img_9926-fileminimizer\"\n                    src=\"https:\/\/www.ducalehotel.com\/es\/wp-content\/blogs.dir\/6\/files\/home\/thumbs\/thumbs_img_9926-fileminimizer.jpg\"\n                    width=\"130\"\n                    height=\"130\"\n                    style=\"max-width:100%;\"\n                \/>\n            <\/a>\n        <\/div>\n\t\t\t\t\t\t\t<\/div> \n\t\t\t\n        \n\t\t\t\t<div id=\"ngg-image-9\" class=\"ngg-gallery-thumbnail-box\" >\n\t\t\t\t        <div class=\"ngg-gallery-thumbnail\">\n            <a href=\"https:\/\/www.ducalehotel.com\/es\/wp-content\/blogs.dir\/6\/files\/home\/img_9810-fileminimizer.jpg\"\n               title=\"\"\n               data-src=\"https:\/\/www.ducalehotel.com\/es\/wp-content\/blogs.dir\/6\/files\/home\/img_9810-fileminimizer.jpg\"\n               data-thumbnail=\"https:\/\/www.ducalehotel.com\/es\/wp-content\/blogs.dir\/6\/files\/home\/thumbs\/thumbs_img_9810-fileminimizer.jpg\"\n               data-image-id=\"48\"\n               data-title=\"img_9810-fileminimizer\"\n               data-description=\"\"\n               data-image-slug=\"img_9810-fileminimizer\"\n               >\n                <img\n                    title=\"img_9810-fileminimizer\"\n                    alt=\"img_9810-fileminimizer\"\n                    src=\"https:\/\/www.ducalehotel.com\/es\/wp-content\/blogs.dir\/6\/files\/home\/thumbs\/thumbs_img_9810-fileminimizer.jpg\"\n                    width=\"130\"\n                    height=\"130\"\n                    style=\"max-width:100%;\"\n                \/>\n            <\/a>\n        <\/div>\n\t\t\t\t\t\t\t<\/div> \n\t\t\t\n        \n\t\t\t\t<div id=\"ngg-image-10\" class=\"ngg-gallery-thumbnail-box\" >\n\t\t\t\t        <div class=\"ngg-gallery-thumbnail\">\n            <a href=\"https:\/\/www.ducalehotel.com\/es\/wp-content\/blogs.dir\/6\/files\/home\/img_9861-fileminimizer.jpg\"\n               title=\"\"\n               data-src=\"https:\/\/www.ducalehotel.com\/es\/wp-content\/blogs.dir\/6\/files\/home\/img_9861-fileminimizer.jpg\"\n               data-thumbnail=\"https:\/\/www.ducalehotel.com\/es\/wp-content\/blogs.dir\/6\/files\/home\/thumbs\/thumbs_img_9861-fileminimizer.jpg\"\n               data-image-id=\"49\"\n               data-title=\"img_9861-fileminimizer\"\n               data-description=\"\"\n               data-image-slug=\"img_9861-fileminimizer\"\n               >\n                <img\n                    title=\"img_9861-fileminimizer\"\n                    alt=\"img_9861-fileminimizer\"\n                    src=\"https:\/\/www.ducalehotel.com\/es\/wp-content\/blogs.dir\/6\/files\/home\/thumbs\/thumbs_img_9861-fileminimizer.jpg\"\n                    width=\"130\"\n                    height=\"130\"\n                    style=\"max-width:100%;\"\n                \/>\n            <\/a>\n        <\/div>\n\t\t\t\t\t\t\t<\/div> \n\t\t\t\n        \n\t\t\t\t<div id=\"ngg-image-11\" class=\"ngg-gallery-thumbnail-box\" >\n\t\t\t\t        <div class=\"ngg-gallery-thumbnail\">\n            <a href=\"https:\/\/www.ducalehotel.com\/es\/wp-content\/blogs.dir\/6\/files\/home\/img_9918-fileminimizer.jpg\"\n               title=\"\"\n               data-src=\"https:\/\/www.ducalehotel.com\/es\/wp-content\/blogs.dir\/6\/files\/home\/img_9918-fileminimizer.jpg\"\n               data-thumbnail=\"https:\/\/www.ducalehotel.com\/es\/wp-content\/blogs.dir\/6\/files\/home\/thumbs\/thumbs_img_9918-fileminimizer.jpg\"\n               data-image-id=\"50\"\n               data-title=\"img_9918-fileminimizer\"\n               data-description=\"\"\n               data-image-slug=\"img_9918-fileminimizer\"\n               >\n                <img\n                    title=\"img_9918-fileminimizer\"\n                    alt=\"img_9918-fileminimizer\"\n                    src=\"https:\/\/www.ducalehotel.com\/es\/wp-content\/blogs.dir\/6\/files\/home\/thumbs\/thumbs_img_9918-fileminimizer.jpg\"\n                    width=\"130\"\n                    height=\"130\"\n                    style=\"max-width:100%;\"\n                \/>\n            <\/a>\n        <\/div>\n\t\t\t\t\t\t\t<\/div> \n\t\t\t\n        \n\t\t\n\t\t<!-- Pagination -->\n\t<div class='ngg-clear'><\/div>\t<\/div>\n\n","protected":false},"excerpt":{"rendered":"<p>F\u00e1cilmente accesible en coche, el Hotel Ducal ofrece aparcamiento gratuito. Servicio de transporte desde el hotel al aeropuerto internacional de Venecia Marco Polo. Las conexiones con Venecia Piazzale Roma, la estaci\u00f3n de tren de Venecia-Mestre, y el famoso Puerto de Venecia son muy c\u00f3modas, gracias a un servicio de transporte p\u00fablico excelente. Tambi\u00e9n estamos situados [&hellip;]<\/p>\n","protected":false},"author":1,"featured_media":0,"parent":0,"menu_order":0,"comment_status":"open","ping_status":"open","template":"","meta":{"ngg_post_thumbnail":0},"_links":{"self":[{"href":"https:\/\/www.ducalehotel.com\/es\/wp-json\/wp\/v2\/pages\/15"}],"collection":[{"href":"https:\/\/www.ducalehotel.com\/es\/wp-json\/wp\/v2\/pages"}],"about":[{"href":"https:\/\/www.ducalehotel.com\/es\/wp-json\/wp\/v2\/types\/page"}],"author":[{"embeddable":true,"href":"https:\/\/www.ducalehotel.com\/es\/wp-json\/wp\/v2\/users\/1"}],"replies":[{"embeddable":true,"href":"https:\/\/www.ducalehotel.com\/es\/wp-json\/wp\/v2\/comments?post=15"}],"version-history":[{"count":28,"href":"https:\/\/www.ducalehotel.com\/es\/wp-json\/wp\/v2\/pages\/15\/revisions"}],"predecessor-version":[{"id":178,"href":"https:\/\/www.ducalehotel.com\/es\/wp-json\/wp\/v2\/pages\/15\/revisions\/178"}],"wp:attachment":[{"href":"https:\/\/www.ducalehotel.com\/es\/wp-json\/wp\/v2\/media?parent=15"}],"curies":[{"name":"wp","href":"https:\/\/api.w.org\/{rel}","templated":true}]}}