{"id":19,"date":"2011-09-29T11:03:36","date_gmt":"2011-09-29T09:03:36","guid":{"rendered":"http:\/\/ducalehotel.com\/it\/?page_id=19"},"modified":"2016-07-26T14:04:25","modified_gmt":"2016-07-26T12:04:25","slug":"rooms","status":"publish","type":"page","link":"https:\/\/www.ducalehotel.com\/de\/rooms\/","title":{"rendered":"ZIMMER"},"content":{"rendered":"<p>Die Zimmer sind alle mit:<\/p>\n<p>&nbsp;<\/p>\n<ul>\n<li>eigenem Bad und Dusche,<\/li>\n<li>Haartrockner,<\/li>\n<li>Safe,<\/li>\n<li>Klimaanlage \/ Heizung,<\/li>\n<li>LCD-Flachfernseher mit Satellitenprogrammen SKY,<\/li>\n<li>Telefon,<\/li>\n<li>kostenlosem WiFi im gesamten Hotel verf\u00fcgbar.<strong><\/strong><\/li>\n<li>Brandmeldeanlage<\/li>\n<li>Brandfestes Zubeh\u00f6r<\/li>\n<li>Nich Raucher Zimmer<\/li>\n<\/ul>\n<p>Zimmertypen:<\/p>\n<ul>\n<li>\u00a0Standard Einzelzimmer (1 Einzelbett) \u2013 max. 1 Person<\/li>\n<li>Standard Doppel-Einzelnutzung (1 Ehebett) \u2013 max. 1 Person<\/li>\n<li>Standard Doppel-oder Zweibettzimmer (2 Betten oder 1 Ehebett) \u2013 max. 2 Personen<\/li>\n<li>Standard Dreibettzimmer (3 Einzelbetten oder 1 Ehebett + 1 Einzelbett) \u2013 max. 3 Personen<\/li>\n<li>Standard Vierbettzimmer (4 Einzelbetten, oder 2 Ehebetten, oder 1 Ehebett + 2 Einzelbetten) \u2013 max. 4 Personen<\/li>\n<\/ul>\n<p>&nbsp;<\/p>\n<p>Wenn nicht in der Reservierung angegeben wird, oder falls die gefragte Zimmer\u00a0 nicht vorhanden, das Hotel zuweist der Zimmertype zur Verf\u00fcgung.<\/p>\n<p>Kinder bis 2 Jahre sind frei und wir k\u00f6nnen sie mit einem Kinderbett auf Anfrage und nach Verf\u00fcgbarkeit bieten.<\/p>\n<p>F\u00fcr Kinder ab 3 Jahren, ist erforderlich, ein Zustellbett, die gegen eine Geb\u00fchr vorgesehen ist.<\/p>\n<p align=\"center\">Check-in ab 15:00 Uhr<\/p>\n<p align=\"center\">Check-out innerhalb 11:00 Uhr<\/p>\n<p align=\"center\"><span style=\"text-decoration: underline\">\u00dcberpr\u00fcfen Sie online die Verf\u00fcgbarkeit und die verschiedenen Sonderangebote!<\/span><\/p>\n<p>&nbsp;<\/p>\n<!-- index.php -->\n<div\n\tclass=\"ngg-galleryoverview ngg-ajax-pagination-none\"\n\tid=\"ngg-gallery-32a98cfd6d76f12ab830fe3b3e649e09-1\">\n\n    \t\t<!-- Thumbnails -->\n\t\t\t\t<div id=\"ngg-image-0\" class=\"ngg-gallery-thumbnail-box\" >\n\t\t\t\t        <div class=\"ngg-gallery-thumbnail\">\n            <a href=\"https:\/\/www.ducalehotel.com\/de\/wp-content\/blogs.dir\/5\/files\/camere\/img_4941.jpg\"\n               title=\"\"\n               data-src=\"https:\/\/www.ducalehotel.com\/de\/wp-content\/blogs.dir\/5\/files\/camere\/img_4941.jpg\"\n               data-thumbnail=\"https:\/\/www.ducalehotel.com\/de\/wp-content\/blogs.dir\/5\/files\/camere\/thumbs\/thumbs_img_4941.jpg\"\n               data-image-id=\"16\"\n               data-title=\"img_4941\"\n               data-description=\"\"\n               data-image-slug=\"img_4941\"\n               >\n                <img\n                    title=\"img_4941\"\n                    alt=\"img_4941\"\n                    src=\"https:\/\/www.ducalehotel.com\/de\/wp-content\/blogs.dir\/5\/files\/camere\/thumbs\/thumbs_img_4941.jpg\"\n                    width=\"130\"\n                    height=\"130\"\n                    style=\"max-width:100%;\"\n                \/>\n            <\/a>\n        <\/div>\n\t\t\t\t\t\t\t<\/div> \n\t\t\t\n        \n\t\t\t\t<div id=\"ngg-image-1\" class=\"ngg-gallery-thumbnail-box\" >\n\t\t\t\t        <div class=\"ngg-gallery-thumbnail\">\n            <a href=\"https:\/\/www.ducalehotel.com\/de\/wp-content\/blogs.dir\/5\/files\/camere\/img_4994.jpg\"\n               title=\"\"\n               data-src=\"https:\/\/www.ducalehotel.com\/de\/wp-content\/blogs.dir\/5\/files\/camere\/img_4994.jpg\"\n               data-thumbnail=\"https:\/\/www.ducalehotel.com\/de\/wp-content\/blogs.dir\/5\/files\/camere\/thumbs\/thumbs_img_4994.jpg\"\n               data-image-id=\"17\"\n               data-title=\"img_4994\"\n               data-description=\"\"\n               data-image-slug=\"img_4994-2\"\n               >\n                <img\n                    title=\"img_4994\"\n                    alt=\"img_4994\"\n                    src=\"https:\/\/www.ducalehotel.com\/de\/wp-content\/blogs.dir\/5\/files\/camere\/thumbs\/thumbs_img_4994.jpg\"\n                    width=\"130\"\n                    height=\"130\"\n                    style=\"max-width:100%;\"\n                \/>\n            <\/a>\n        <\/div>\n\t\t\t\t\t\t\t<\/div> \n\t\t\t\n        \n\t\t\t\t<div id=\"ngg-image-2\" class=\"ngg-gallery-thumbnail-box\" >\n\t\t\t\t        <div class=\"ngg-gallery-thumbnail\">\n            <a href=\"https:\/\/www.ducalehotel.com\/de\/wp-content\/blogs.dir\/5\/files\/camere\/img_4996.jpg\"\n               title=\"\"\n               data-src=\"https:\/\/www.ducalehotel.com\/de\/wp-content\/blogs.dir\/5\/files\/camere\/img_4996.jpg\"\n               data-thumbnail=\"https:\/\/www.ducalehotel.com\/de\/wp-content\/blogs.dir\/5\/files\/camere\/thumbs\/thumbs_img_4996.jpg\"\n               data-image-id=\"18\"\n               data-title=\"img_4996\"\n               data-description=\"\"\n               data-image-slug=\"img_4996\"\n               >\n                <img\n                    title=\"img_4996\"\n                    alt=\"img_4996\"\n                    src=\"https:\/\/www.ducalehotel.com\/de\/wp-content\/blogs.dir\/5\/files\/camere\/thumbs\/thumbs_img_4996.jpg\"\n                    width=\"130\"\n                    height=\"130\"\n                    style=\"max-width:100%;\"\n                \/>\n            <\/a>\n        <\/div>\n\t\t\t\t\t\t\t<\/div> \n\t\t\t\n        \n\t\t\n\t\t<!-- Pagination -->\n\t<div class='ngg-clear'><\/div>\t<\/div>\n\n","protected":false},"excerpt":{"rendered":"<p>Die Zimmer sind alle mit: &nbsp; eigenem Bad und Dusche, Haartrockner, Safe, Klimaanlage \/ Heizung, LCD-Flachfernseher mit Satellitenprogrammen SKY, Telefon, kostenlosem WiFi im gesamten Hotel verf\u00fcgbar. Brandmeldeanlage Brandfestes Zubeh\u00f6r Nich Raucher Zimmer Zimmertypen: \u00a0Standard Einzelzimmer (1 Einzelbett) \u2013 max. 1 Person Standard Doppel-Einzelnutzung (1 Ehebett) \u2013 max. 1 Person Standard Doppel-oder Zweibettzimmer (2 Betten oder [&hellip;]<\/p>\n","protected":false},"author":1,"featured_media":0,"parent":0,"menu_order":0,"comment_status":"open","ping_status":"open","template":"","meta":{"ngg_post_thumbnail":0},"_links":{"self":[{"href":"https:\/\/www.ducalehotel.com\/de\/wp-json\/wp\/v2\/pages\/19"}],"collection":[{"href":"https:\/\/www.ducalehotel.com\/de\/wp-json\/wp\/v2\/pages"}],"about":[{"href":"https:\/\/www.ducalehotel.com\/de\/wp-json\/wp\/v2\/types\/page"}],"author":[{"embeddable":true,"href":"https:\/\/www.ducalehotel.com\/de\/wp-json\/wp\/v2\/users\/1"}],"replies":[{"embeddable":true,"href":"https:\/\/www.ducalehotel.com\/de\/wp-json\/wp\/v2\/comments?post=19"}],"version-history":[{"count":10,"href":"https:\/\/www.ducalehotel.com\/de\/wp-json\/wp\/v2\/pages\/19\/revisions"}],"predecessor-version":[{"id":66,"href":"https:\/\/www.ducalehotel.com\/de\/wp-json\/wp\/v2\/pages\/19\/revisions\/66"}],"wp:attachment":[{"href":"https:\/\/www.ducalehotel.com\/de\/wp-json\/wp\/v2\/media?parent=19"}],"curies":[{"name":"wp","href":"https:\/\/api.w.org\/{rel}","templated":true}]}}